{"id":69,"date":"2020-01-27T08:05:29","date_gmt":"2020-01-27T08:05:29","guid":{"rendered":"https:\/\/demosites.io\/web-agency-gb\/?page_id=69"},"modified":"2023-10-31T12:35:00","modified_gmt":"2023-10-31T11:35:00","slug":"15c42-web-agency-gb-portfolio","status":"publish","type":"page","link":"https:\/\/derfarbraum.at\/index.php\/15c42-web-agency-gb-portfolio\/","title":{"rendered":"Impressum"},"content":{"rendered":"\n<div class=\"wp-block-cover alignfull has-neve-text-color-color has-text-color\" style=\"min-height:300px;aspect-ratio:unset;\"><span aria-hidden=\"true\" class=\"wp-block-cover__background has-nv-site-bg-background-color has-background-dim-100 has-background-dim\"><\/span><div class=\"wp-block-cover__inner-container is-layout-flow wp-block-cover-is-layout-flow\">\n<div class=\"wp-block-group\"><div class=\"wp-block-group__inner-container is-layout-flow wp-block-group-is-layout-flow\">\n<h1 class=\"wp-block-heading has-text-align-left has-neve-text-color-color has-text-color\">Impressum<\/h1>\n<\/div><\/div>\n<\/div><\/div>\n\n\n\n<div class=\"wp-block-cover alignfull has-neve-text-color-color has-text-color\" style=\"min-height:600px;aspect-ratio:unset;\"><span aria-hidden=\"true\" class=\"wp-block-cover__background has-nv-site-bg-background-color has-background-dim-100 has-background-dim\"><\/span><div class=\"wp-block-cover__inner-container is-layout-flow wp-block-cover-is-layout-flow\">\n<p>Sebastian Meier<br>Lauzilgasse 15<br>8020 Graz<\/p>\n\n\n\n<p>Filmproduktion und Equipmentverleih<\/p>\n\n\n\n<p>E-Mail:&nbsp;<a href=\"mailto:info@bitframe.at\">info@bitframe.at<\/a><br>Tel.: +43 699 1753 1752<\/p>\n\n\n\n<p>Alle Webseiten und Inhalte, auf die von dieser Seite verlinkt wird, wurden zum Zeitpunkt der Erstellung der Verweise sorgf\u00e4ltig \u00fcberpr\u00fcft. Es kann jedoch keine Haftung f\u00fcr den Inhalt von anderen Webseiten \u00fcbernommen werden.<\/p>\n\n\n\n<p>S\u00e4mtliche Inhalte der Webseite (u. a. Bilder, Videos, Texte) sind urheberrechtlich gesch\u00fctzt und d\u00fcrfen nur mit ausdr\u00fccklicher Genehmigung des Inhabers kopiert, gespeichert oder f\u00fcr andere Zwecke verwendet werden.<\/p>\n\n\n\n<p>Es gelten die&nbsp;<a href=\"http:\/\/bitframe.at\/agb.pdf\">AGB<\/a>&nbsp;von bitframe.<\/p>\n\n\n\n<h1 class=\"wp-block-heading\">Datenschutzerkl\u00e4rung<\/h1>\n\n\n\n<p><strong>Datenschutzerkl\u00e4rung<\/strong><\/p>\n\n\n\n<p><strong>Geltungsbereich<\/strong><\/p>\n\n\n\n<p>Diese Datenschutzerkl\u00e4rung soll die Nutzer dieser Website gem\u00e4\u00df Bundesdatenschutzgesetz und Telemediengesetz \u00fcber die Art, den Umfang und den Zweck der Erhebung und Verwendung personenbezogener Daten durch den Websitebetreiber&nbsp;derfarbraum.at&nbsp;informieren. Der Websitebetreiber nimmt Ihren Datenschutz sehr ernst und behandelt Ihre personenbezogenen Daten vertraulich und entsprechend der gesetzlichen Vorschriften. Bedenken Sie, dass die Daten\u00fcbertragung im Internet grunds\u00e4tzlich mit Sicherheitsl\u00fccken bedacht sein kann. Ein vollumf\u00e4nglicher Schutz vor dem Zugriff durch Fremde ist nicht realisierbar.&nbsp;<\/p>\n\n\n\n<p><strong>Zugriffsdaten<\/strong><\/p>\n\n\n\n<p>Der Websitebetreiber bzw. Seitenprovider erhebt Daten \u00fcber Zugriffe auf die Seite und speichert diese als \u201eServer-Logfiles\u201c ab. Folgende Daten werden so protokolliert:&nbsp;-Besuchte Website&nbsp;<br>-Uhrzeit zum Zeitpunkt des Zugriffes&nbsp;<br>-Menge der gesendeten Daten in Byte&nbsp;<br>-Quelle\/Verweis, von welchem Sie auf die Seite gelangten&nbsp;<br>-Verwendeter Browser&nbsp;<br>-Verwendetes Betriebssystem&nbsp;<br>-Verwendete IP-Adresse<\/p>\n\n\n\n<p>Die erhobenen Daten dienen lediglich statistischen Auswertungen und zur Verbesserung der Website. Der Websitebetreiber beh\u00e4lt sich allerdings vor, die Server-Logfiles nachtr\u00e4glich zu \u00fcberpr\u00fcfen, sollten konkrete Anhaltspunkte auf eine rechtswidrige Nutzung hinweisen. Cookies Diese Website verwendet Cookies. Dabei handelt es sich um kleine Textdateien, welche auf Ihrem Endger\u00e4t gespeichert werden. Ihr Browser greift auf diese Dateien zu. Durch den Einsatz von Cookies erh\u00f6ht sich die Benutzerfreundlichkeit und Sicherheit dieser Website.&nbsp;G\u00e4ngige Browser bieten die Einstellungsoption, Cookies nicht zuzulassen. Hinweis: Es ist nicht gew\u00e4hrleistet, dass Sie auf alle Funktionen dieser Website ohne Einschr\u00e4nkungen zugreifen k\u00f6nnen, wenn Sie entsprechende Einstellungen vornehmen.<\/p>\n\n\n\n<p><strong>Umgang mit personenbezogenen Daten<\/strong>&nbsp;<\/p>\n\n\n\n<p>Der Websitebetreiber erhebt, nutzt und gibt Ihre personenbezogenen Daten nur dann weiter, wenn dies im gesetzlichen Rahmen erlaubt ist oder Sie in die Datenerhebung einwilligen. Als personenbezogene Daten gelten s\u00e4mtliche Informationen, welche dazu dienen, Ihre Person zu bestimmen und welche zu Ihnen zur\u00fcckverfolgt werden k\u00f6nnen \u2013 also beispielsweise Ihr Name, Ihre E-Mail-Adresse und Telefonnummer.&nbsp;<\/p>\n\n\n\n<p><strong>Umgang mit Kontaktdaten<\/strong>&nbsp;<\/p>\n\n\n\n<p>Nehmen Sie mit dem Websitebetreiber durch die angebotenen Kontaktm\u00f6glichkeiten Verbindung auf, werden Ihre Angaben gespeichert, damit auf diese zur Bearbeitung und Beantwortung Ihrer Anfrage zur\u00fcckgegriffen werden kann. Ohne Ihre Einwilligung werden diese Daten nicht an Dritte weitergegeben.&nbsp;<\/p>\n\n\n\n<p><strong>Google Analytics<\/strong>&nbsp;<\/p>\n\n\n\n<p>Diese Website nutzt den Dienst \u201eGoogle Analytics\u201c, welcher von der Google Inc. (1600 Amphitheatre Parkway Mountain View, CA 94043, USA) angeboten wird, zur Analyse der Websitebenutzung durch Nutzer. Der Dienst verwendet \u201eCookies\u201c \u2013 Textdateien, welche auf Ihrem Endger\u00e4t gespeichert werden. Die durch die Cookies gesammelten Informationen werden im Regelfall an einen Google-Server in den USA gesandt und dort gespeichert.&nbsp;<\/p>\n\n\n\n<p>Auf dieser Website greift die IP-Anonymisierung. Die IP-Adresse der Nutzer wird innerhalb der Mitgliedsstaaten der EU und des Europ\u00e4ischen Wirtschaftsraum gek\u00fcrzt. Durch diese K\u00fcrzung entf\u00e4llt der Personenbezug Ihrer IP-Adresse. Im Rahmen der Vereinbarung zur Auftragsdatenvereinbarung, welche die Websitebetreiber mit der Google Inc. geschlossen haben, erstellt diese mithilfe der gesammelten Informationen eine Auswertung der Websitenutzung und der Websiteaktivit\u00e4t und erbringt mit der Internetnutzung verbundene Dienstleistungen.&nbsp;Sie haben die M\u00f6glichkeit, die Speicherung des Cookies auf Ihrem Ger\u00e4t zu verhindern, indem Sie in Ihrem Browser entsprechende Einstellungen vornehmen. Es ist nicht gew\u00e4hrleistet, dass Sie auf alle Funktionen dieser Website ohne Einschr\u00e4nkungen zugreifen k\u00f6nnen, wenn Ihr Browser keine Cookies zul\u00e4sst.&nbsp;<\/p>\n\n\n\n<p>Weiterhin k\u00f6nnen Sie durch ein Browser-Plugin verhindern, dass die durch Cookies gesammelten Informationen (inklusive Ihrer IP-Adresse) an die Google Inc. gesendet und von der Google Inc. genutzt werden. Folgender Link f\u00fchrt Sie zu dem entsprechenden Plugin:&nbsp;<a href=\"https:\/\/tools.google.com\/dlpage\/gaoptout?hl=de\">https:\/\/tools.google.com\/dlpage\/gaoptout?hl=de<\/a>&nbsp;<\/p>\n\n\n\n<p>Hier finden Sie weitere Informationen zur Datennutzung durch die Google Inc.:&nbsp;<a href=\"https:\/\/support.google.com\/analytics\/answer\/6004245?hl=de\">https:\/\/support.google.com\/analytics\/answer\/6004245?hl=de<\/a><\/p>\n<\/div><\/div>\n","protected":false},"excerpt":{"rendered":"","protected":false},"author":1,"featured_media":0,"parent":0,"menu_order":0,"comment_status":"closed","ping_status":"closed","template":"","meta":{"om_disable_all_campaigns":false,"_monsterinsights_skip_tracking":false,"_monsterinsights_sitenote_active":false,"_monsterinsights_sitenote_note":"","_monsterinsights_sitenote_category":0,"_uf_show_specific_survey":0,"_uf_disable_surveys":false,"neve_meta_sidebar":"full-width","neve_meta_container":"","neve_meta_enable_content_width":"on","neve_meta_content_width":100,"neve_meta_title_alignment":"","neve_meta_author_avatar":"","neve_post_elements_order":"","neve_meta_disable_header":"","neve_meta_disable_footer":"","neve_meta_disable_title":"on","_themeisle_gutenberg_block_has_review":false,"_ti_tpc_template_sync":false,"_ti_tpc_template_id":"94gtya0n2udx05knf121","footnotes":""},"class_list":["post-69","page","type-page","status-publish","hentry"],"yoast_head":"<!-- This site is optimized with the Yoast SEO plugin v22.4 - https:\/\/yoast.com\/wordpress\/plugins\/seo\/ -->\n<title>Impressum - der Farbraum<\/title>\n<meta name=\"robots\" content=\"index, follow, max-snippet:-1, max-image-preview:large, max-video-preview:-1\" \/>\n<link rel=\"canonical\" href=\"https:\/\/derfarbraum.at\/index.php\/15c42-web-agency-gb-portfolio\/\" \/>\n<meta property=\"og:locale\" content=\"de_DE\" \/>\n<meta property=\"og:type\" content=\"article\" \/>\n<meta property=\"og:title\" content=\"Impressum - der Farbraum\" \/>\n<meta property=\"og:url\" content=\"https:\/\/derfarbraum.at\/index.php\/15c42-web-agency-gb-portfolio\/\" \/>\n<meta property=\"og:site_name\" content=\"der Farbraum\" \/>\n<meta property=\"article:modified_time\" content=\"2023-10-31T11:35:00+00:00\" \/>\n<meta property=\"og:image\" content=\"https:\/\/derfarbraum.at\/wp-content\/uploads\/2023\/08\/M1A6953-scaled.jpg\" \/>\n\t<meta property=\"og:image:width\" content=\"2560\" \/>\n\t<meta property=\"og:image:height\" content=\"2407\" \/>\n\t<meta property=\"og:image:type\" content=\"image\/jpeg\" \/>\n<meta name=\"twitter:card\" content=\"summary_large_image\" \/>\n<meta name=\"twitter:label1\" content=\"Gesch\u00e4tzte Lesezeit\" \/>\n\t<meta name=\"twitter:data1\" content=\"3\u00a0Minuten\" \/>\n<script type=\"application\/ld+json\" class=\"yoast-schema-graph\">{\"@context\":\"https:\/\/schema.org\",\"@graph\":[{\"@type\":\"WebPage\",\"@id\":\"https:\/\/derfarbraum.at\/index.php\/15c42-web-agency-gb-portfolio\/\",\"url\":\"https:\/\/derfarbraum.at\/index.php\/15c42-web-agency-gb-portfolio\/\",\"name\":\"Impressum - der Farbraum\",\"isPartOf\":{\"@id\":\"https:\/\/derfarbraum.at\/#website\"},\"datePublished\":\"2020-01-27T08:05:29+00:00\",\"dateModified\":\"2023-10-31T11:35:00+00:00\",\"breadcrumb\":{\"@id\":\"https:\/\/derfarbraum.at\/index.php\/15c42-web-agency-gb-portfolio\/#breadcrumb\"},\"inLanguage\":\"de\",\"potentialAction\":[{\"@type\":\"ReadAction\",\"target\":[\"https:\/\/derfarbraum.at\/index.php\/15c42-web-agency-gb-portfolio\/\"]}]},{\"@type\":\"BreadcrumbList\",\"@id\":\"https:\/\/derfarbraum.at\/index.php\/15c42-web-agency-gb-portfolio\/#breadcrumb\",\"itemListElement\":[{\"@type\":\"ListItem\",\"position\":1,\"name\":\"Startseite\",\"item\":\"https:\/\/derfarbraum.at\/\"},{\"@type\":\"ListItem\",\"position\":2,\"name\":\"Impressum\"}]},{\"@type\":\"WebSite\",\"@id\":\"https:\/\/derfarbraum.at\/#website\",\"url\":\"https:\/\/derfarbraum.at\/\",\"name\":\"der Farbraum\",\"description\":\"Wo Farbe Form annimmt\",\"publisher\":{\"@id\":\"https:\/\/derfarbraum.at\/#organization\"},\"potentialAction\":[{\"@type\":\"SearchAction\",\"target\":{\"@type\":\"EntryPoint\",\"urlTemplate\":\"https:\/\/derfarbraum.at\/?s={search_term_string}\"},\"query-input\":\"required name=search_term_string\"}],\"inLanguage\":\"de\"},{\"@type\":\"Organization\",\"@id\":\"https:\/\/derfarbraum.at\/#organization\",\"name\":\"der Farbraum\",\"url\":\"https:\/\/derfarbraum.at\/\",\"logo\":{\"@type\":\"ImageObject\",\"inLanguage\":\"de\",\"@id\":\"https:\/\/derfarbraum.at\/#\/schema\/logo\/image\/\",\"url\":\"https:\/\/derfarbraum.at\/wp-content\/uploads\/2023\/09\/derFarbraum-logo.png\",\"contentUrl\":\"https:\/\/derfarbraum.at\/wp-content\/uploads\/2023\/09\/derFarbraum-logo.png\",\"width\":2851,\"height\":3298,\"caption\":\"der Farbraum\"},\"image\":{\"@id\":\"https:\/\/derfarbraum.at\/#\/schema\/logo\/image\/\"},\"sameAs\":[\"https:\/\/www.instagram.com\/derfarbraum\"]}]}<\/script>\n<!-- \/ Yoast SEO plugin. -->","yoast_head_json":{"title":"Impressum - der Farbraum","robots":{"index":"index","follow":"follow","max-snippet":"max-snippet:-1","max-image-preview":"max-image-preview:large","max-video-preview":"max-video-preview:-1"},"canonical":"https:\/\/derfarbraum.at\/index.php\/15c42-web-agency-gb-portfolio\/","og_locale":"de_DE","og_type":"article","og_title":"Impressum - der Farbraum","og_url":"https:\/\/derfarbraum.at\/index.php\/15c42-web-agency-gb-portfolio\/","og_site_name":"der Farbraum","article_modified_time":"2023-10-31T11:35:00+00:00","og_image":[{"width":2560,"height":2407,"url":"https:\/\/derfarbraum.at\/wp-content\/uploads\/2023\/08\/M1A6953-scaled.jpg","type":"image\/jpeg"}],"twitter_card":"summary_large_image","twitter_misc":{"Gesch\u00e4tzte Lesezeit":"3\u00a0Minuten"},"schema":{"@context":"https:\/\/schema.org","@graph":[{"@type":"WebPage","@id":"https:\/\/derfarbraum.at\/index.php\/15c42-web-agency-gb-portfolio\/","url":"https:\/\/derfarbraum.at\/index.php\/15c42-web-agency-gb-portfolio\/","name":"Impressum - der Farbraum","isPartOf":{"@id":"https:\/\/derfarbraum.at\/#website"},"datePublished":"2020-01-27T08:05:29+00:00","dateModified":"2023-10-31T11:35:00+00:00","breadcrumb":{"@id":"https:\/\/derfarbraum.at\/index.php\/15c42-web-agency-gb-portfolio\/#breadcrumb"},"inLanguage":"de","potentialAction":[{"@type":"ReadAction","target":["https:\/\/derfarbraum.at\/index.php\/15c42-web-agency-gb-portfolio\/"]}]},{"@type":"BreadcrumbList","@id":"https:\/\/derfarbraum.at\/index.php\/15c42-web-agency-gb-portfolio\/#breadcrumb","itemListElement":[{"@type":"ListItem","position":1,"name":"Startseite","item":"https:\/\/derfarbraum.at\/"},{"@type":"ListItem","position":2,"name":"Impressum"}]},{"@type":"WebSite","@id":"https:\/\/derfarbraum.at\/#website","url":"https:\/\/derfarbraum.at\/","name":"der Farbraum","description":"Wo Farbe Form annimmt","publisher":{"@id":"https:\/\/derfarbraum.at\/#organization"},"potentialAction":[{"@type":"SearchAction","target":{"@type":"EntryPoint","urlTemplate":"https:\/\/derfarbraum.at\/?s={search_term_string}"},"query-input":"required name=search_term_string"}],"inLanguage":"de"},{"@type":"Organization","@id":"https:\/\/derfarbraum.at\/#organization","name":"der Farbraum","url":"https:\/\/derfarbraum.at\/","logo":{"@type":"ImageObject","inLanguage":"de","@id":"https:\/\/derfarbraum.at\/#\/schema\/logo\/image\/","url":"https:\/\/derfarbraum.at\/wp-content\/uploads\/2023\/09\/derFarbraum-logo.png","contentUrl":"https:\/\/derfarbraum.at\/wp-content\/uploads\/2023\/09\/derFarbraum-logo.png","width":2851,"height":3298,"caption":"der Farbraum"},"image":{"@id":"https:\/\/derfarbraum.at\/#\/schema\/logo\/image\/"},"sameAs":["https:\/\/www.instagram.com\/derfarbraum"]}]}},"_links":{"self":[{"href":"https:\/\/derfarbraum.at\/index.php\/wp-json\/wp\/v2\/pages\/69","targetHints":{"allow":["GET"]}}],"collection":[{"href":"https:\/\/derfarbraum.at\/index.php\/wp-json\/wp\/v2\/pages"}],"about":[{"href":"https:\/\/derfarbraum.at\/index.php\/wp-json\/wp\/v2\/types\/page"}],"author":[{"embeddable":true,"href":"https:\/\/derfarbraum.at\/index.php\/wp-json\/wp\/v2\/users\/1"}],"replies":[{"embeddable":true,"href":"https:\/\/derfarbraum.at\/index.php\/wp-json\/wp\/v2\/comments?post=69"}],"version-history":[{"count":2,"href":"https:\/\/derfarbraum.at\/index.php\/wp-json\/wp\/v2\/pages\/69\/revisions"}],"predecessor-version":[{"id":535,"href":"https:\/\/derfarbraum.at\/index.php\/wp-json\/wp\/v2\/pages\/69\/revisions\/535"}],"wp:attachment":[{"href":"https:\/\/derfarbraum.at\/index.php\/wp-json\/wp\/v2\/media?parent=69"}],"curies":[{"name":"wp","href":"https:\/\/api.w.org\/{rel}","templated":true}]}}